{"id":945,"date":"2023-10-11T10:00:04","date_gmt":"2023-10-11T10:00:04","guid":{"rendered":"https:\/\/fisconti.nl\/jan-van-tilburg\/"},"modified":"2023-10-13T18:12:09","modified_gmt":"2023-10-13T18:12:09","slug":"jan-van-tilburg","status":"publish","type":"page","link":"https:\/\/fisconti.nl\/de\/jan-van-tilburg\/","title":{"rendered":"Jan van Tilburg"},"content":{"rendered":"\t\t<div data-elementor-type=\"wp-page\" data-elementor-id=\"945\" class=\"elementor elementor-945 elementor-281\" data-elementor-post-type=\"page\">\n\t\t\t\t<div class=\"elementor-element elementor-element-8db56b2 e-flex e-con-boxed e-con e-parent\" data-id=\"8db56b2\" data-element_type=\"container\" data-e-type=\"container\" data-settings=\"{&quot;background_background&quot;:&quot;classic&quot;}\">\n\t\t\t\t\t<div class=\"e-con-inner\">\n\t\t\t\t<div class=\"elementor-element elementor-element-59e4ce7 elementor-hidden-mobile elementor-widget elementor-widget-heading\" data-id=\"59e4ce7\" data-element_type=\"widget\" data-e-type=\"widget\" data-widget_type=\"heading.default\">\n\t\t\t\t<div class=\"elementor-widget-container\">\n\t\t\t\t\t<h2 class=\"elementor-heading-title elementor-size-default\">Jan van Tilburg<\/h2>\t\t\t\t<\/div>\n\t\t\t\t<\/div>\n\t\t\t\t<div class=\"elementor-element elementor-element-15cfbd8 elementor-headline--style-rotate elementor-widget__width-inherit elementor-hidden-mobile elementor-widget elementor-widget-animated-headline\" data-id=\"15cfbd8\" data-element_type=\"widget\" data-e-type=\"widget\" data-settings=\"{&quot;headline_style&quot;:&quot;rotate&quot;,&quot;animation_type&quot;:&quot;clip&quot;,&quot;rotating_text&quot;:&quot;Einkommensteuer\\nInternationale Steuerplanung\\nStrukturierung von internationalen Unternehmen\\nUnternehmenssteuern\\nFusionen und Akquisitionen&quot;,&quot;rotate_iteration_delay&quot;:3519,&quot;loop&quot;:&quot;yes&quot;}\" data-widget_type=\"animated-headline.default\">\n\t\t\t\t<div class=\"elementor-widget-container\">\n\t\t\t\t\t\t\t<h3 class=\"elementor-headline elementor-headline-animation-type-clip\">\n\t\t\t\t<span class=\"elementor-headline-dynamic-wrapper elementor-headline-text-wrapper\">\n\t\t\t\t\t<span class=\"elementor-headline-dynamic-text elementor-headline-text-active\">\n\t\t\t\tEinkommensteuer\t\t\t<\/span>\n\t\t\t\t\t<span class=\"elementor-headline-dynamic-text\">\n\t\t\t\tInternationale&nbsp;Steuerplanung\t\t\t<\/span>\n\t\t\t\t\t<span class=\"elementor-headline-dynamic-text\">\n\t\t\t\tStrukturierung&nbsp;von&nbsp;internationalen&nbsp;Unternehmen\t\t\t<\/span>\n\t\t\t\t\t<span class=\"elementor-headline-dynamic-text\">\n\t\t\t\tUnternehmenssteuern\t\t\t<\/span>\n\t\t\t\t\t<span class=\"elementor-headline-dynamic-text\">\n\t\t\t\tFusionen&nbsp;und&nbsp;Akquisitionen\t\t\t<\/span>\n\t\t\t\t\t\t<\/span>\n\t\t\t\t<\/h3>\n\t\t\t\t\t\t<\/div>\n\t\t\t\t<\/div>\n\t\t\t\t\t<\/div>\n\t\t\t\t<\/div>\n\t\t<div class=\"elementor-element elementor-element-c7a4777 e-flex e-con-boxed e-con e-parent\" data-id=\"c7a4777\" data-element_type=\"container\" data-e-type=\"container\" data-settings=\"{&quot;background_background&quot;:&quot;classic&quot;}\">\n\t\t\t\t\t<div class=\"e-con-inner\">\n\t\t\t\t<div class=\"elementor-element elementor-element-166e357 elementor-hidden-desktop elementor-hidden-tablet elementor-widget elementor-widget-heading\" data-id=\"166e357\" data-element_type=\"widget\" data-e-type=\"widget\" data-widget_type=\"heading.default\">\n\t\t\t\t<div class=\"elementor-widget-container\">\n\t\t\t\t\t<h2 class=\"elementor-heading-title elementor-size-default\">Jan van Tilburg<\/h2>\t\t\t\t<\/div>\n\t\t\t\t<\/div>\n\t\t\t\t<div class=\"elementor-element elementor-element-fae1b45 elementor-headline--style-rotate elementor-widget__width-inherit elementor-hidden-desktop elementor-hidden-tablet elementor-widget elementor-widget-animated-headline\" data-id=\"fae1b45\" data-element_type=\"widget\" data-e-type=\"widget\" data-settings=\"{&quot;headline_style&quot;:&quot;rotate&quot;,&quot;animation_type&quot;:&quot;clip&quot;,&quot;rotating_text&quot;:&quot;Einkommensteuer\\nInternationale Steuerplanung\\nStrukturierung von internationalen Unternehmen\\nUnternehmenssteuern\\nFusionen und Akquisitionen&quot;,&quot;rotate_iteration_delay&quot;:3519,&quot;loop&quot;:&quot;yes&quot;}\" data-widget_type=\"animated-headline.default\">\n\t\t\t\t<div class=\"elementor-widget-container\">\n\t\t\t\t\t\t\t<h3 class=\"elementor-headline elementor-headline-animation-type-clip\">\n\t\t\t\t<span class=\"elementor-headline-dynamic-wrapper elementor-headline-text-wrapper\">\n\t\t\t\t\t<span class=\"elementor-headline-dynamic-text elementor-headline-text-active\">\n\t\t\t\tEinkommensteuer\t\t\t<\/span>\n\t\t\t\t\t<span class=\"elementor-headline-dynamic-text\">\n\t\t\t\tInternationale&nbsp;Steuerplanung\t\t\t<\/span>\n\t\t\t\t\t<span class=\"elementor-headline-dynamic-text\">\n\t\t\t\tStrukturierung&nbsp;von&nbsp;internationalen&nbsp;Unternehmen\t\t\t<\/span>\n\t\t\t\t\t<span class=\"elementor-headline-dynamic-text\">\n\t\t\t\tUnternehmenssteuern\t\t\t<\/span>\n\t\t\t\t\t<span class=\"elementor-headline-dynamic-text\">\n\t\t\t\tFusionen&nbsp;und&nbsp;Akquisitionen\t\t\t<\/span>\n\t\t\t\t\t\t<\/span>\n\t\t\t\t<\/h3>\n\t\t\t\t\t\t<\/div>\n\t\t\t\t<\/div>\n\t\t\t\t<div class=\"elementor-element elementor-element-190b73e elementor-widget elementor-widget-heading\" data-id=\"190b73e\" data-element_type=\"widget\" data-e-type=\"widget\" data-widget_type=\"heading.default\">\n\t\t\t\t<div class=\"elementor-widget-container\">\n\t\t\t\t\t<h2 class=\"elementor-heading-title elementor-size-default\">\"So einfach wie m\u00f6glich, aber kein bisschen einfacher.\"<\/h2>\t\t\t\t<\/div>\n\t\t\t\t<\/div>\n\t\t\t\t<div class=\"elementor-element elementor-element-309211a elementor-widget__width-initial elementor-widget elementor-widget-text-editor\" data-id=\"309211a\" data-element_type=\"widget\" data-e-type=\"widget\" data-widget_type=\"text-editor.default\">\n\t\t\t\t<div class=\"elementor-widget-container\">\n\t\t\t\t\t\t\t\t\t<div class=\"elementor-element elementor-element-6c70ab7 elementor-widget elementor-widget-heading\" data-id=\"6c70ab7\" data-element_type=\"widget\" data-widget_type=\"heading.default\">\n<div class=\"elementor-widget-container\">\n<div class=\"elementor-element elementor-element-d7695ef elementor-widget elementor-widget-heading\" data-id=\"d7695ef\" data-element_type=\"widget\" data-widget_type=\"heading.default\">\n<div class=\"elementor-widget-container\">\n<div class=\"elementor-element elementor-element-d7695ef elementor-widget elementor-widget-heading\" data-id=\"d7695ef\" data-element_type=\"widget\" data-widget_type=\"heading.default\">\n<div class=\"elementor-widget-container\">\n<div class=\"elementor-element elementor-element-d7695ef elementor-widget elementor-widget-heading\" data-id=\"d7695ef\" data-element_type=\"widget\" data-widget_type=\"heading.default\">\n<div class=\"elementor-widget-container\">\n<h2 class=\"elementor-heading-title elementor-size-default\">Gr\u00fcnder und Steuerberater<\/h2>\n<\/div>\n<\/div>\n<div class=\"elementor-element elementor-element-eb3913c elementor-widget elementor-widget-text-editor\" data-id=\"eb3913c\" data-element_type=\"widget\" data-widget_type=\"text-editor.default\">\n<div class=\"elementor-widget-container\">\n<div class=\"elementor-text-editor elementor-clearfix\">\n<p>Jan van Tilburg ist Steuerberater mit mehr als 27 Jahren Erfahrung in der Beratung insbesondere von Unternehmen, die international t\u00e4tig sind oder an einer \u00dcbernahme, Fusion oder Reorganisation beteiligt sind. Seit 2004 ist Jan der Gr\u00fcnder von Fisconti Tax Consulting, einer spezialisierten Steuerberatungsfirma, die eine breite Palette von Steuerdienstleistungen f\u00fcr Unternehmen anbietet. Vor der Gr\u00fcndung von Fisconti war Jan ein internationaler Steuerpartner bei Ernst &amp; Young.<\/p>\n<p>Jan ist ein Experte auf dem Gebiet der:<\/p>\n<ul>\n<li>K\u00f6rperschaftssteuer<\/li>\n<li>Strukturierung von internationalen Unternehmen<\/li>\n<li>Internationale Steuerplanung<\/li>\n<li>Umstrukturierungen<\/li>\n<li>Fusionen und \u00dcbernahmen<\/li>\n<li>Verrechnungssteuer<\/li>\n<\/ul>\n<p>Jan hat einen Abschluss in Steuerrecht von der Universit\u00e4t Leiden und absolvierte erfolgreich das Postgraduiertenprogramm European Fiscal Studies an der Universit\u00e4t Rotterdam. Jan war als Dozent f\u00fcr verschiedene Bildungseinrichtungen t\u00e4tig und ist Autor mehrerer Artikel und B\u00fccher. Er ist au\u00dferdem Mitglied der International Fiscal Association (IFA), der International Bar Association (IBA) und Gr\u00fcnder der Corporate Tax Alliance (CTA).<\/p>\n<\/div>\n<\/div>\n<\/div>\n<div class=\"elementor-element elementor-element-24a25e1 elementor-widget elementor-widget-premium-addon-button\" data-id=\"24a25e1\" data-element_type=\"widget\" data-widget_type=\"premium-addon-button.default\">\n<div class=\"elementor-widget-container\">\n<div class=\"premium-button-container\">\n<div class=\"premium-button-text-icon-wrapper\"> <\/div>\n<\/div>\n<\/div>\n<\/div>\n<\/div>\n<\/div>\n<\/div>\n<\/div>\n<\/div>\n<\/div>\n\t\t\t\t\t\t\t\t<\/div>\n\t\t\t\t<\/div>\n\t\t\t\t<div class=\"elementor-element elementor-element-773174b elementor-widget__width-initial elementor-absolute elementor-widget elementor-widget-image\" data-id=\"773174b\" data-element_type=\"widget\" data-e-type=\"widget\" data-settings=\"{&quot;_position&quot;:&quot;absolute&quot;}\" data-widget_type=\"image.default\">\n\t\t\t\t<div class=\"elementor-widget-container\">\n\t\t\t\t\t\t\t\t\t\t\t\t\t\t\t<img fetchpriority=\"high\" decoding=\"async\" width=\"999\" height=\"3264\" src=\"https:\/\/fisconti.nl\/wp-content\/uploads\/2023\/10\/Attribute-logo-line-feather-modern-simple.png\" class=\"attachment-full size-full wp-image-124\" alt=\"\" srcset=\"https:\/\/fisconti.nl\/wp-content\/uploads\/2023\/10\/Attribute-logo-line-feather-modern-simple.png 999w, https:\/\/fisconti.nl\/wp-content\/uploads\/2023\/10\/Attribute-logo-line-feather-modern-simple-92x300.png 92w, https:\/\/fisconti.nl\/wp-content\/uploads\/2023\/10\/Attribute-logo-line-feather-modern-simple-313x1024.png 313w, https:\/\/fisconti.nl\/wp-content\/uploads\/2023\/10\/Attribute-logo-line-feather-modern-simple-768x2509.png 768w, https:\/\/fisconti.nl\/wp-content\/uploads\/2023\/10\/Attribute-logo-line-feather-modern-simple-470x1536.png 470w, https:\/\/fisconti.nl\/wp-content\/uploads\/2023\/10\/Attribute-logo-line-feather-modern-simple-627x2048.png 627w\" sizes=\"(max-width: 999px) 100vw, 999px\" \/>\t\t\t\t\t\t\t\t\t\t\t\t\t\t\t<\/div>\n\t\t\t\t<\/div>\n\t\t\t\t<div class=\"elementor-element elementor-element-84d8bc4 elementor-widget elementor-widget-button\" data-id=\"84d8bc4\" data-element_type=\"widget\" data-e-type=\"widget\" data-widget_type=\"button.default\">\n\t\t\t\t<div class=\"elementor-widget-container\">\n\t\t\t\t\t\t\t\t\t<div class=\"elementor-button-wrapper\">\n\t\t\t\t\t<a class=\"elementor-button elementor-button-link elementor-size-sm\" href=\"https:\/\/fisconti.nl\/de\/ueber-fisconti\/\">\n\t\t\t\t\t\t<span class=\"elementor-button-content-wrapper\">\n\t\t\t\t\t\t<span class=\"elementor-button-icon\">\n\t\t\t\t<i aria-hidden=\"true\" class=\"fas fa-arrow-alt-circle-up\"><\/i>\t\t\t<\/span>\n\t\t\t\t\t\t\t\t\t<span class=\"elementor-button-text\">Zur\u00fcck<\/span>\n\t\t\t\t\t<\/span>\n\t\t\t\t\t<\/a>\n\t\t\t\t<\/div>\n\t\t\t\t\t\t\t\t<\/div>\n\t\t\t\t<\/div>\n\t\t\t\t\t<\/div>\n\t\t\t\t<\/div>\n\t\t\t\t<\/div>\n\t\t","protected":false},"excerpt":{"rendered":"<p>Jan van Tilburg Einkommensteuer Internationale&nbsp;Steuerplanung Strukturierung&nbsp;von&nbsp;internationalen&nbsp;Unternehmen Unternehmenssteuern Fusionen&nbsp;und&nbsp;Akquisitionen Jan van Tilburg Einkommensteuer Internationale&nbsp;Steuerplanung Strukturierung&nbsp;von&nbsp;internationalen&nbsp;Unternehmen Unternehmenssteuern Fusionen&nbsp;und&nbsp;Akquisitionen &#8222;So einfach wie m\u00f6glich, aber kein bisschen einfacher.&#8220; Gr\u00fcnder und Steuerberater Jan van Tilburg ist Steuerberater mit mehr als 27 Jahren Erfahrung in der Beratung insbesondere von Unternehmen, die international t\u00e4tig sind oder an einer \u00dcbernahme, Fusion oder Reorganisation [&hellip;]<\/p>\n","protected":false},"author":3,"featured_media":178,"parent":0,"menu_order":0,"comment_status":"closed","ping_status":"closed","template":"elementor_header_footer","meta":{"footnotes":""},"class_list":["post-945","page","type-page","status-publish","has-post-thumbnail","hentry"],"_links":{"self":[{"href":"https:\/\/fisconti.nl\/de\/wp-json\/wp\/v2\/pages\/945","targetHints":{"allow":["GET"]}}],"collection":[{"href":"https:\/\/fisconti.nl\/de\/wp-json\/wp\/v2\/pages"}],"about":[{"href":"https:\/\/fisconti.nl\/de\/wp-json\/wp\/v2\/types\/page"}],"author":[{"embeddable":true,"href":"https:\/\/fisconti.nl\/de\/wp-json\/wp\/v2\/users\/3"}],"replies":[{"embeddable":true,"href":"https:\/\/fisconti.nl\/de\/wp-json\/wp\/v2\/comments?post=945"}],"version-history":[{"count":1,"href":"https:\/\/fisconti.nl\/de\/wp-json\/wp\/v2\/pages\/945\/revisions"}],"predecessor-version":[{"id":946,"href":"https:\/\/fisconti.nl\/de\/wp-json\/wp\/v2\/pages\/945\/revisions\/946"}],"wp:featuredmedia":[{"embeddable":true,"href":"https:\/\/fisconti.nl\/de\/wp-json\/wp\/v2\/media\/178"}],"wp:attachment":[{"href":"https:\/\/fisconti.nl\/de\/wp-json\/wp\/v2\/media?parent=945"}],"curies":[{"name":"wp","href":"https:\/\/api.w.org\/{rel}","templated":true}]}}